{"id":15,"date":"2015-12-24T17:28:03","date_gmt":"2015-12-24T15:28:03","guid":{"rendered":"https:\/\/villenhieronta.fi\/?page_id=15"},"modified":"2025-08-29T21:03:21","modified_gmt":"2025-08-29T19:03:21","slug":"yrityksille","status":"publish","type":"page","link":"https:\/\/villenhieronta.fi\/index.php\/yrityksille\/","title":{"rendered":"Yrityksille"},"content":{"rendered":"<section id=\"mainRight\">\n<div class=\"colLeft\">\n<h3><span style=\"color: #000000;\">Yritysk\u00e4ynti &#8211; Hierontaa ty\u00f6paikallasi<\/span><\/h3>\n<p><span style=\"color: #000000;\"><strong>Mit\u00e4?<\/strong><\/span><\/p>\n<p><span style=\"color: #000000;\">Yritysk\u00e4ynnit tarkoittavat ty\u00f6paikalle r\u00e4\u00e4t\u00e4l\u00f6ityj\u00e4 hierontapalveluita, joissa saavun yrityksen tiloihin hieromaan. Tuon mukanani hierontap\u00f6yd\u00e4n, rasvat ja muut oheisv\u00e4lineet. Hierontapalvelu voidaan toteuttaa s\u00e4\u00e4nn\u00f6llisesti esimerkiksi viikoittain, tai yrityksen tarpeiden mukaan joustavasti.<\/span><\/p>\n<p><span style=\"color: #000000;\"><strong>Miksi?<\/strong><\/span><\/p>\n<p><span style=\"color: #000000;\">Ty\u00f6paikkahieronta on loistava tapa tukea ty\u00f6ntekij\u00f6idesi jaksamista ja ty\u00f6tehoa. Hieronta ennaltaehk\u00e4isee kiputilojen syntymist\u00e4 ja lievitt\u00e4\u00e4 varsinkin istumaty\u00f6n kuormitusta, mik\u00e4 edist\u00e4\u00e4 ty\u00f6hyvinvointia. Se on tapa pit\u00e4\u00e4 ty\u00f6ntekij\u00f6ist\u00e4si huolta ilman, ett\u00e4 heid\u00e4n tarvitsee poistua ty\u00f6paikalta.<\/span><\/p>\n<p><strong><span style=\"color: #000000;\">Miten?<\/span><\/strong><\/p>\n<p><span style=\"color: #000000;\">Palvelu on helppo j\u00e4rjest\u00e4\u00e4: tarvitsen vain rauhallisen huoneen ty\u00f6paikkanne toimitiloista sek\u00e4 viimeist\u00e4\u00e4n hierontaa edelt\u00e4v\u00e4n\u00e4 p\u00e4iv\u00e4n\u00e4 listan asiakkaista. N\u00e4in osaan varautua p\u00e4iv\u00e4\u00e4n ja tuomaan oikean m\u00e4\u00e4r\u00e4n tarvikkeita mukanani.<\/span><\/p>\n<h5><span style=\"color: #000000;\"><strong>Yhteydenotot, varaukset ja kysymykset suoraan Villelle puh. 045 328 7595.<\/strong><\/span><\/h5>\n<p><span style=\"color: #000000;\">Ota yhteytt\u00e4 ja luodaan yrityksellenne sopiva hierontaratkaisu!<\/span><\/p>\n<hr><\/div>\n<\/section>\n\n\n<figure class=\"wp-block-image size-large\"><img loading=\"lazy\" width=\"1414\" height=\"2000\" src=\"https:\/\/villenhieronta.fi\/wp-content\/uploads\/2025\/04\/Yrityksille-Villen-hieronta.png\" alt=\"\" class=\"wp-image-335\"\/><\/figure>\n","protected":false},"excerpt":{"rendered":"<p>Yritysk\u00e4ynti &#8211; Hierontaa ty\u00f6paikallasi Mit\u00e4? Yritysk\u00e4ynnit tarkoittavat ty\u00f6paikalle r\u00e4\u00e4t\u00e4l\u00f6ityj\u00e4 hierontapalveluita, joissa saavun yrityksen tiloihin hieromaan. Tuon mukanani hierontap\u00f6yd\u00e4n, rasvat ja muut oheisv\u00e4lineet. Hierontapalvelu voidaan toteuttaa s\u00e4\u00e4nn\u00f6llisesti esimerkiksi viikoittain, tai yrityksen tarpeiden mukaan joustavasti. Miksi? Ty\u00f6paikkahieronta on loistava tapa tukea ty\u00f6ntekij\u00f6idesi jaksamista ja ty\u00f6tehoa. Hieronta ennaltaehk\u00e4isee kiputilojen syntymist\u00e4 ja lievitt\u00e4\u00e4 varsinkin istumaty\u00f6n kuormitusta, mik\u00e4 edist\u00e4\u00e4 ty\u00f6hyvinvointia. [&hellip;]<\/p>\n","protected":false},"author":2,"featured_media":0,"parent":0,"menu_order":0,"comment_status":"closed","ping_status":"closed","template":"","meta":[],"_links":{"self":[{"href":"https:\/\/villenhieronta.fi\/index.php\/wp-json\/wp\/v2\/pages\/15"}],"collection":[{"href":"https:\/\/villenhieronta.fi\/index.php\/wp-json\/wp\/v2\/pages"}],"about":[{"href":"https:\/\/villenhieronta.fi\/index.php\/wp-json\/wp\/v2\/types\/page"}],"author":[{"embeddable":true,"href":"https:\/\/villenhieronta.fi\/index.php\/wp-json\/wp\/v2\/users\/2"}],"replies":[{"embeddable":true,"href":"https:\/\/villenhieronta.fi\/index.php\/wp-json\/wp\/v2\/comments?post=15"}],"version-history":[{"count":15,"href":"https:\/\/villenhieronta.fi\/index.php\/wp-json\/wp\/v2\/pages\/15\/revisions"}],"predecessor-version":[{"id":347,"href":"https:\/\/villenhieronta.fi\/index.php\/wp-json\/wp\/v2\/pages\/15\/revisions\/347"}],"wp:attachment":[{"href":"https:\/\/villenhieronta.fi\/index.php\/wp-json\/wp\/v2\/media?parent=15"}],"curies":[{"name":"wp","href":"https:\/\/api.w.org\/{rel}","templated":true}]}}