{"id":8,"date":"2015-12-24T17:24:09","date_gmt":"2015-12-24T15:24:09","guid":{"rendered":"https:\/\/villenhieronta.fi\/?page_id=8"},"modified":"2026-03-24T18:20:26","modified_gmt":"2026-03-24T16:20:26","slug":"ajanvaraus-ja-hinnasto","status":"publish","type":"page","link":"https:\/\/villenhieronta.fi\/index.php\/ajanvaraus-ja-hinnasto\/","title":{"rendered":"Hieronnan ajanvaraus ja hinnasto"},"content":{"rendered":"<h3 style=\"text-align: center;\"><span style=\"color: #000000;\"><strong>Hinnasto 1.1.2025 alkaen:<\/strong><\/span><\/h3>\n<h4 style=\"text-align: center;\"><span style=\"color: #000000;\"><strong>Klassinen hieronta<\/strong><\/span><\/h4>\n<h5 style=\"text-align: center;\"><span style=\"color: #000000;\">30 min \/ 38\u20ac<\/span><\/h5>\n<h5 style=\"text-align: center;\"><span style=\"color: #000000;\">45 min \/ 48\u20ac<\/span><\/h5>\n<h5 style=\"text-align: center;\"><span style=\"color: #000000;\">60 min \/ 58\u20ac<\/span><\/h5>\n<h5 style=\"text-align: center;\"><span style=\"color: #000000;\">75 min \/ 68\u20ac<\/span><\/h5>\n<h5 style=\"text-align: center;\"><span style=\"color: #000000;\">90 min \/ 78\u20ac<\/span><\/h5>\n<h5 style=\"text-align: center;\"><span style=\"color: #000000;\">120 min \/ 98\u20ac<\/span><\/h5>\n<hr \/>\n<h4 style=\"text-align: center;\"><span style=\"color: #000000;\">Sarjakortit<\/span><\/h4>\n<p style=\"text-align: center;\"><span style=\"color: #000000;\">Edullista luksusta arkeesi! Sarjakortti on t\u00e4ydellinen tapa huolehtia hyvinvoinnistasti s\u00e4\u00e4nn\u00f6llisesti. Lahjakortit ja sarjakortit toimipisteelt\u00e4ni tai puh. 045 328 7595.<\/span><\/p>\n<p style=\"text-align: center;\"><span style=\"color: #000000;\">Psst, lahjakortit nyt my\u00f6s s\u00e4hk\u00f6isen\u00e4 suoraan s\u00e4hk\u00f6postiin!<\/span><\/p>\n<h4 style=\"text-align: center;\"><em><span style=\"color: #003366;\"><strong><span style=\"vertical-align: inherit;\"><span style=\"color: #ff0000;\">5 hierontaa 4 hinnalla!\u00a0 \u00a0 \u00a0 \u00a0 \u00a0 \u00a0 \u00a0<\/span>3 hierontaa<\/span><\/strong><\/span><\/em><\/h4>\n<h5 style=\"text-align: center;\"><span style=\"vertical-align: inherit; color: #000000;\">5 x 30min 152\u20ac (s\u00e4\u00e4st\u00e4 38\u20ac)\u00a0 \u00a0 \u00a0 \u00a0 \u00a0 3 x 30min 95\u20ac (s\u00e4\u00e4st\u00e4 19\u20ac)<\/span><\/h5>\n<h5 style=\"text-align: center;\"><span style=\"vertical-align: inherit; color: #000000;\"> 5 x 45<\/span><span style=\"vertical-align: inherit; color: #000000;\">min 192\u20ac (s\u00e4\u00e4st\u00e4 48\u20ac)\u00a0 \u00a0 \u00a0 \u00a0 \u00a0 3 x 45min 120\u20ac (s\u00e4\u00e4st\u00e4 24\u20ac)<\/span><\/h5>\n<h5 style=\"text-align: center;\"><span style=\"vertical-align: inherit; color: #000000;\">5 x 60 min 232\u20ac (s\u00e4\u00e4st\u00e4 58\u20ac)\u00a0 \u00a0 \u00a0 \u00a0 \u00a03 x 60min 145\u20ac (s\u00e4\u00e4st\u00e4 29\u20ac)<\/span><\/h5>\n<h5 style=\"text-align: center;\"><span style=\"vertical-align: inherit; color: #000000;\">5 x 75 min 272\u20ac (s\u00e4\u00e4st\u00e4 68\u20ac)\u00a0 \u00a0 \u00a0 \u00a0 \u00a03 x 75min 170\u20ac (s\u00e4\u00e4st\u00e4 34\u20ac)<\/span><\/h5>\n<h5 style=\"text-align: center;\"><span style=\"vertical-align: inherit; color: #000000;\">5 x 90 min 312\u20ac (s\u00e4\u00e4st\u00e4 78\u20ac)\u00a0 \u00a0 \u00a0 \u00a0 \u00a03 x 90min 195\u20ac (s\u00e4\u00e4st\u00e4 39\u20ac)<\/span><\/h5>\n<h5 style=\"text-align: center;\"><span style=\"vertical-align: inherit; color: #000000;\">5 x 120min 392\u20ac (s\u00e4\u00e4st\u00e4 98\u20ac)\u00a0 \u00a0 \u00a0 \u00a03 x 120min 245\u20ac (s\u00e4\u00e4st\u00e4 49\u20ac)<\/span><\/h5>\n<hr \/>\n<h3 style=\"text-align: center;\"><span style=\"color: #000000;\">Ajanvaraus<\/span><\/h3>\n<p><span style=\"vertical-align: inherit;\"><span style=\"vertical-align: inherit;\"><span style=\"vertical-align: inherit;\"><span style=\"vertical-align: inherit;\">\n<!-- iframe plugin v.4.2 wordpress.org\/plugins\/iframe\/ -->\n<iframe src=\"https:\/\/varaus.villenhieronta.fi\" leveys=\"100%\" korkeus=\"640\" width=\"100%\" height=\"500\" scrolling=\"yes\" class=\"iframe-class\" frameborder=\"0\"><\/iframe>\n<\/span><\/span><\/span><\/span><\/p>\n<hr \/>\n<h3><span style=\"color: #000000;\"><strong>Maksutapa<\/strong><\/span><\/h3>\n<p><span style=\"color: #000000;\">K\u00e4teinen ja kortti. My\u00f6s Epassi, Edenred ja Smartum-liikuntasetelit k\u00e4yv\u00e4t.<\/span><\/p>\n<hr \/>\n<p><span style=\"color: #000000;\"><strong><span style=\"vertical-align: inherit;\">HENKIL\u00d6TIETOLAKI (523\/1999) 10\u00a7 <\/span><br \/>\n<span style=\"vertical-align: inherit;\">HENKIL\u00d6TIETOJEN K\u00c4SITTELYN TARKOITUS: <\/span><br \/>\n<span style=\"vertical-align: inherit;\">Asiakasrekisteri on perustettu yhteystietojen ker\u00e4\u00e4miseen. <\/span><span style=\"vertical-align: inherit;\">N\u00e4in pystyn v\u00e4litt\u00e4m\u00e4\u00e4n tietoja asiakkailleni peruuntuvista\/siirrett\u00e4vist\u00e4 ajoista, sek\u00e4 p<\/span><span style=\"vertical-align: inherit;\">ystyn informoimaan heit\u00e4 mahdollisista poissaoloistani tai tulevista tarjouksistani.<\/span><\/strong><\/span><\/p>\n","protected":false},"excerpt":{"rendered":"<p>Hinnasto 1.1.2025 alkaen: Klassinen hieronta 30 min \/ 38\u20ac 45 min \/ 48\u20ac 60 min \/ 58\u20ac 75 min \/ 68\u20ac 90 min \/ 78\u20ac 120 min \/ 98\u20ac Sarjakortit Edullista luksusta arkeesi! Sarjakortti on t\u00e4ydellinen tapa huolehtia hyvinvoinnistasti s\u00e4\u00e4nn\u00f6llisesti. Lahjakortit ja sarjakortit toimipisteelt\u00e4ni tai puh. 045 328 7595. Psst, lahjakortit nyt my\u00f6s s\u00e4hk\u00f6isen\u00e4 suoraan [&hellip;]<\/p>\n","protected":false},"author":2,"featured_media":0,"parent":0,"menu_order":0,"comment_status":"closed","ping_status":"closed","template":"template-full.php","meta":[],"_links":{"self":[{"href":"https:\/\/villenhieronta.fi\/index.php\/wp-json\/wp\/v2\/pages\/8"}],"collection":[{"href":"https:\/\/villenhieronta.fi\/index.php\/wp-json\/wp\/v2\/pages"}],"about":[{"href":"https:\/\/villenhieronta.fi\/index.php\/wp-json\/wp\/v2\/types\/page"}],"author":[{"embeddable":true,"href":"https:\/\/villenhieronta.fi\/index.php\/wp-json\/wp\/v2\/users\/2"}],"replies":[{"embeddable":true,"href":"https:\/\/villenhieronta.fi\/index.php\/wp-json\/wp\/v2\/comments?post=8"}],"version-history":[{"count":75,"href":"https:\/\/villenhieronta.fi\/index.php\/wp-json\/wp\/v2\/pages\/8\/revisions"}],"predecessor-version":[{"id":386,"href":"https:\/\/villenhieronta.fi\/index.php\/wp-json\/wp\/v2\/pages\/8\/revisions\/386"}],"wp:attachment":[{"href":"https:\/\/villenhieronta.fi\/index.php\/wp-json\/wp\/v2\/media?parent=8"}],"curies":[{"name":"wp","href":"https:\/\/api.w.org\/{rel}","templated":true}]}}